{"id":4099,"date":"2019-04-16T12:38:16","date_gmt":"2019-04-16T10:38:16","guid":{"rendered":"https:\/\/www.limaitaly.com\/cookies-policy\/"},"modified":"2024-09-16T09:50:10","modified_gmt":"2024-09-16T07:50:10","slug":"cookies-policy","status":"publish","type":"page","link":"https:\/\/www.limaitaly.com\/es\/cookies-policy\/","title":{"rendered":"Cookies Policy"},"content":{"rendered":"\r\n<h1 class=\"text-center m-t-50 m-b-35 wp-block-heading\">INFORMACI\u00d3N SOBRE LAS COOKIES<\/h1>\r\n\r\n\r\n\r\n<h4 class=\"wp-block-heading\">Como es habitual en todos los sitios web, este sitio tambi\u00e9n utiliza cookies, peque\u00f1os archivos de texto que nos permiten almacenar informaci\u00f3n sobre las preferencias del usuario, mejorar la funcionalidad del sitio, simplificar la navegaci\u00f3n, realizar investigaciones y an\u00e1lisis con el fin de mejorar contenidos, productos y servicios. , personalizar los servicios con contenidos m\u00e1s relevantes, mejorar la seguridad, prevenir actividades fraudulentas, as\u00ed como conocer los intereses del usuario y ofrecer funciones personalizadas. Seg\u00fan la ley, los sitios web pueden almacenar cookies en el dispositivo del usuario s\u00f3lo si son estrictamente necesarias para su funcionamiento. Para todos los dem\u00e1s tipos de cookies, se requiere el permiso del usuario. El bloqueo de las cookies podr\u00eda en cualquier caso disminuir la calidad de los servicios ofrecidos por el sitio web.<\/h4>\r\n","protected":false},"excerpt":{"rendered":"<p>INFORMACI\u00d3N SOBRE LAS COOKIES Como es habitual en todos los sitios web, este sitio tambi\u00e9n utiliza cookies, peque\u00f1os archivos de texto que nos permiten almacenar informaci\u00f3n sobre las preferencias del usuario, mejorar la funcionalidad del sitio, simplificar la navegaci\u00f3n, realizar investigaciones y an\u00e1lisis con el fin de mejorar contenidos, productos y servicios. , personalizar los &#8230;<\/p>\n","protected":false},"author":1,"featured_media":0,"parent":0,"menu_order":0,"comment_status":"closed","ping_status":"closed","template":"page-templates\/policypage.php","meta":{"inline_featured_image":false,"footnotes":""},"class_list":["post-4099","page","type-page","status-publish","hentry"],"yoast_head":"<!-- This site is optimized with the Yoast SEO plugin v23.4 - https:\/\/yoast.com\/wordpress\/plugins\/seo\/ -->\n<title>Cookies Policy - LIMA snc<\/title>\n<meta name=\"robots\" content=\"index, follow, max-snippet:-1, max-image-preview:large, max-video-preview:-1\" \/>\n<link rel=\"canonical\" href=\"https:\/\/www.limaitaly.com\/es\/cookies-policy\/\" \/>\n<meta property=\"og:locale\" content=\"es_ES\" \/>\n<meta property=\"og:type\" content=\"article\" \/>\n<meta property=\"og:title\" content=\"Cookies Policy - LIMA snc\" \/>\n<meta property=\"og:description\" content=\"INFORMACI\u00d3N SOBRE LAS COOKIES Como es habitual en todos los sitios web, este sitio tambi\u00e9n utiliza cookies, peque\u00f1os archivos de texto que nos permiten almacenar informaci\u00f3n sobre las preferencias del usuario, mejorar la funcionalidad del sitio, simplificar la navegaci\u00f3n, realizar investigaciones y an\u00e1lisis con el fin de mejorar contenidos, productos y servicios. , personalizar los ...\" \/>\n<meta property=\"og:url\" content=\"https:\/\/www.limaitaly.com\/es\/cookies-policy\/\" \/>\n<meta property=\"og:site_name\" content=\"LIMA snc\" \/>\n<meta property=\"article:modified_time\" content=\"2024-09-16T07:50:10+00:00\" \/>\n<meta name=\"twitter:card\" content=\"summary_large_image\" \/>\n<meta name=\"twitter:label1\" content=\"Tiempo de lectura\" \/>\n\t<meta name=\"twitter:data1\" content=\"1 minuto\" \/>\n<script type=\"application\/ld+json\" class=\"yoast-schema-graph\">{\"@context\":\"https:\/\/schema.org\",\"@graph\":[{\"@type\":\"WebPage\",\"@id\":\"https:\/\/www.limaitaly.com\/es\/cookies-policy\/\",\"url\":\"https:\/\/www.limaitaly.com\/es\/cookies-policy\/\",\"name\":\"Cookies Policy - LIMA snc\",\"isPartOf\":{\"@id\":\"https:\/\/www.limaitaly.com\/en\/#website\"},\"datePublished\":\"2019-04-16T10:38:16+00:00\",\"dateModified\":\"2024-09-16T07:50:10+00:00\",\"breadcrumb\":{\"@id\":\"https:\/\/www.limaitaly.com\/es\/cookies-policy\/#breadcrumb\"},\"inLanguage\":\"es\",\"potentialAction\":[{\"@type\":\"ReadAction\",\"target\":[\"https:\/\/www.limaitaly.com\/es\/cookies-policy\/\"]}]},{\"@type\":\"BreadcrumbList\",\"@id\":\"https:\/\/www.limaitaly.com\/es\/cookies-policy\/#breadcrumb\",\"itemListElement\":[{\"@type\":\"ListItem\",\"position\":1,\"name\":\"Home\",\"item\":\"https:\/\/www.limaitaly.com\/es\/\"},{\"@type\":\"ListItem\",\"position\":2,\"name\":\"Cookies Policy\"}]},{\"@type\":\"WebSite\",\"@id\":\"https:\/\/www.limaitaly.com\/en\/#website\",\"url\":\"https:\/\/www.limaitaly.com\/en\/\",\"name\":\"LIMA snc\",\"description\":\"Componenti per sedie da ufficio\",\"potentialAction\":[{\"@type\":\"SearchAction\",\"target\":{\"@type\":\"EntryPoint\",\"urlTemplate\":\"https:\/\/www.limaitaly.com\/en\/?s={search_term_string}\"},\"query-input\":{\"@type\":\"PropertyValueSpecification\",\"valueRequired\":true,\"valueName\":\"search_term_string\"}}],\"inLanguage\":\"es\"}]}<\/script>\n<!-- \/ Yoast SEO plugin. -->","yoast_head_json":{"title":"Cookies Policy - LIMA snc","robots":{"index":"index","follow":"follow","max-snippet":"max-snippet:-1","max-image-preview":"max-image-preview:large","max-video-preview":"max-video-preview:-1"},"canonical":"https:\/\/www.limaitaly.com\/es\/cookies-policy\/","og_locale":"es_ES","og_type":"article","og_title":"Cookies Policy - LIMA snc","og_description":"INFORMACI\u00d3N SOBRE LAS COOKIES Como es habitual en todos los sitios web, este sitio tambi\u00e9n utiliza cookies, peque\u00f1os archivos de texto que nos permiten almacenar informaci\u00f3n sobre las preferencias del usuario, mejorar la funcionalidad del sitio, simplificar la navegaci\u00f3n, realizar investigaciones y an\u00e1lisis con el fin de mejorar contenidos, productos y servicios. , personalizar los ...","og_url":"https:\/\/www.limaitaly.com\/es\/cookies-policy\/","og_site_name":"LIMA snc","article_modified_time":"2024-09-16T07:50:10+00:00","twitter_card":"summary_large_image","twitter_misc":{"Tiempo de lectura":"1 minuto"},"schema":{"@context":"https:\/\/schema.org","@graph":[{"@type":"WebPage","@id":"https:\/\/www.limaitaly.com\/es\/cookies-policy\/","url":"https:\/\/www.limaitaly.com\/es\/cookies-policy\/","name":"Cookies Policy - LIMA snc","isPartOf":{"@id":"https:\/\/www.limaitaly.com\/en\/#website"},"datePublished":"2019-04-16T10:38:16+00:00","dateModified":"2024-09-16T07:50:10+00:00","breadcrumb":{"@id":"https:\/\/www.limaitaly.com\/es\/cookies-policy\/#breadcrumb"},"inLanguage":"es","potentialAction":[{"@type":"ReadAction","target":["https:\/\/www.limaitaly.com\/es\/cookies-policy\/"]}]},{"@type":"BreadcrumbList","@id":"https:\/\/www.limaitaly.com\/es\/cookies-policy\/#breadcrumb","itemListElement":[{"@type":"ListItem","position":1,"name":"Home","item":"https:\/\/www.limaitaly.com\/es\/"},{"@type":"ListItem","position":2,"name":"Cookies Policy"}]},{"@type":"WebSite","@id":"https:\/\/www.limaitaly.com\/en\/#website","url":"https:\/\/www.limaitaly.com\/en\/","name":"LIMA snc","description":"Componenti per sedie da ufficio","potentialAction":[{"@type":"SearchAction","target":{"@type":"EntryPoint","urlTemplate":"https:\/\/www.limaitaly.com\/en\/?s={search_term_string}"},"query-input":{"@type":"PropertyValueSpecification","valueRequired":true,"valueName":"search_term_string"}}],"inLanguage":"es"}]}},"_links":{"self":[{"href":"https:\/\/www.limaitaly.com\/es\/wp-json\/wp\/v2\/pages\/4099"}],"collection":[{"href":"https:\/\/www.limaitaly.com\/es\/wp-json\/wp\/v2\/pages"}],"about":[{"href":"https:\/\/www.limaitaly.com\/es\/wp-json\/wp\/v2\/types\/page"}],"author":[{"embeddable":true,"href":"https:\/\/www.limaitaly.com\/es\/wp-json\/wp\/v2\/users\/1"}],"replies":[{"embeddable":true,"href":"https:\/\/www.limaitaly.com\/es\/wp-json\/wp\/v2\/comments?post=4099"}],"version-history":[{"count":6,"href":"https:\/\/www.limaitaly.com\/es\/wp-json\/wp\/v2\/pages\/4099\/revisions"}],"predecessor-version":[{"id":4356,"href":"https:\/\/www.limaitaly.com\/es\/wp-json\/wp\/v2\/pages\/4099\/revisions\/4356"}],"wp:attachment":[{"href":"https:\/\/www.limaitaly.com\/es\/wp-json\/wp\/v2\/media?parent=4099"}],"curies":[{"name":"wp","href":"https:\/\/api.w.org\/{rel}","templated":true}]}}