{"id":4109,"date":"2019-04-02T10:26:35","date_gmt":"2019-04-02T08:26:35","guid":{"rendered":"https:\/\/www.limaitaly.com\/prodotti\/telai-sedute\/"},"modified":"2024-11-14T09:35:15","modified_gmt":"2024-11-14T08:35:15","slug":"estructuras-asientos","status":"publish","type":"page","link":"https:\/\/www.limaitaly.com\/es\/productos\/estructuras-asientos\/","title":{"rendered":"Estructuras asientos"},"content":{"rendered":"\r\n<h2 class=\"wp-block-heading\">Son el esqueleto de cada asiento, la estructura que determina su silueta y las principales caracter\u00edsticas: las estructuras de las sillas LIMA, de 4 patas o de pat\u00edn, son la fusi\u00f3n perfecta entre personalidad, vanguardia, tecnolog\u00eda y versatilidad.<\/h2>\r\n<p>&nbsp;<\/p>\r\n<p>Adem\u00e1s de los modelos est\u00e1ndar, nuestro verdadero punto fuerte reside en la capacidad de desarrollar proyectos exclusivos. Estudiamos cada estructura junto con el cliente, ofreciendo nuestras d\u00e9cadas de experiencia para crear soluciones \u00fanicas y personalizadas. Gracias a nuestras modernas m\u00e1quinas curvadoras de tubos, podemos crear estructuras que se adapten perfectamente a las necesidades espec\u00edficas de cada proyecto. Adem\u00e1s, nuestra nueva instalaci\u00f3n de pintura nos permite ofrecer una amplia gama de colores, asegurando que el producto final no s\u00f3lo sea funcional, sino tambi\u00e9n est\u00e9ticamente acorde con las preferencias del cliente.<\/p>\r\n","protected":false},"excerpt":{"rendered":"<p>Son el esqueleto de cada asiento, la estructura que determina su silueta y las principales caracter\u00edsticas: las estructuras de las sillas LIMA, de 4 patas o de pat\u00edn, son la fusi\u00f3n perfecta entre personalidad, vanguardia, tecnolog\u00eda y versatilidad. &nbsp; Adem\u00e1s de los modelos est\u00e1ndar, nuestro verdadero punto fuerte reside en la capacidad de desarrollar proyectos &#8230;<\/p>\n","protected":false},"author":1,"featured_media":4086,"parent":4106,"menu_order":3,"comment_status":"closed","ping_status":"closed","template":"page-templates\/productslinepage.php","meta":{"inline_featured_image":false,"footnotes":""},"class_list":["post-4109","page","type-page","status-publish","has-post-thumbnail","hentry"],"yoast_head":"<!-- This site is optimized with the Yoast SEO plugin v23.4 - https:\/\/yoast.com\/wordpress\/plugins\/seo\/ -->\n<title>Estructuras asientos - LIMA snc<\/title>\n<meta name=\"robots\" content=\"index, follow, max-snippet:-1, max-image-preview:large, max-video-preview:-1\" \/>\n<link rel=\"canonical\" href=\"https:\/\/www.limaitaly.com\/es\/productos\/estructuras-asientos\/\" \/>\n<meta property=\"og:locale\" content=\"es_ES\" \/>\n<meta property=\"og:type\" content=\"article\" \/>\n<meta property=\"og:title\" content=\"Estructuras asientos - LIMA snc\" \/>\n<meta property=\"og:description\" content=\"Son el esqueleto de cada asiento, la estructura que determina su silueta y las principales caracter\u00edsticas: las estructuras de las sillas LIMA, de 4 patas o de pat\u00edn, son la fusi\u00f3n perfecta entre personalidad, vanguardia, tecnolog\u00eda y versatilidad. &nbsp; Adem\u00e1s de los modelos est\u00e1ndar, nuestro verdadero punto fuerte reside en la capacidad de desarrollar proyectos ...\" \/>\n<meta property=\"og:url\" content=\"https:\/\/www.limaitaly.com\/es\/productos\/estructuras-asientos\/\" \/>\n<meta property=\"og:site_name\" content=\"LIMA snc\" \/>\n<meta property=\"article:modified_time\" content=\"2024-11-14T08:35:15+00:00\" \/>\n<meta property=\"og:image\" content=\"https:\/\/www.limaitaly.com\/wp-content\/uploads\/2022\/12\/LIMA_VIS-EVO-4-CR.png\" \/>\n\t<meta property=\"og:image:width\" content=\"900\" \/>\n\t<meta property=\"og:image:height\" content=\"900\" \/>\n\t<meta property=\"og:image:type\" content=\"image\/png\" \/>\n<meta name=\"twitter:card\" content=\"summary_large_image\" \/>\n<meta name=\"twitter:label1\" content=\"Tiempo de lectura\" \/>\n\t<meta name=\"twitter:data1\" content=\"1 minuto\" \/>\n<script type=\"application\/ld+json\" class=\"yoast-schema-graph\">{\"@context\":\"https:\/\/schema.org\",\"@graph\":[{\"@type\":\"WebPage\",\"@id\":\"https:\/\/www.limaitaly.com\/es\/productos\/estructuras-asientos\/\",\"url\":\"https:\/\/www.limaitaly.com\/es\/productos\/estructuras-asientos\/\",\"name\":\"Estructuras asientos - LIMA snc\",\"isPartOf\":{\"@id\":\"https:\/\/www.limaitaly.com\/en\/#website\"},\"primaryImageOfPage\":{\"@id\":\"https:\/\/www.limaitaly.com\/es\/productos\/estructuras-asientos\/#primaryimage\"},\"image\":{\"@id\":\"https:\/\/www.limaitaly.com\/es\/productos\/estructuras-asientos\/#primaryimage\"},\"thumbnailUrl\":\"https:\/\/www.limaitaly.com\/wp-content\/uploads\/2022\/12\/LIMA_VIS-EVO-4-CR.png\",\"datePublished\":\"2019-04-02T08:26:35+00:00\",\"dateModified\":\"2024-11-14T08:35:15+00:00\",\"breadcrumb\":{\"@id\":\"https:\/\/www.limaitaly.com\/es\/productos\/estructuras-asientos\/#breadcrumb\"},\"inLanguage\":\"es\",\"potentialAction\":[{\"@type\":\"ReadAction\",\"target\":[\"https:\/\/www.limaitaly.com\/es\/productos\/estructuras-asientos\/\"]}]},{\"@type\":\"ImageObject\",\"inLanguage\":\"es\",\"@id\":\"https:\/\/www.limaitaly.com\/es\/productos\/estructuras-asientos\/#primaryimage\",\"url\":\"https:\/\/www.limaitaly.com\/wp-content\/uploads\/2022\/12\/LIMA_VIS-EVO-4-CR.png\",\"contentUrl\":\"https:\/\/www.limaitaly.com\/wp-content\/uploads\/2022\/12\/LIMA_VIS-EVO-4-CR.png\",\"width\":900,\"height\":900},{\"@type\":\"BreadcrumbList\",\"@id\":\"https:\/\/www.limaitaly.com\/es\/productos\/estructuras-asientos\/#breadcrumb\",\"itemListElement\":[{\"@type\":\"ListItem\",\"position\":1,\"name\":\"Home\",\"item\":\"https:\/\/www.limaitaly.com\/es\/\"},{\"@type\":\"ListItem\",\"position\":2,\"name\":\"Productos\",\"item\":\"https:\/\/www.limaitaly.com\/es\/productos\/\"},{\"@type\":\"ListItem\",\"position\":3,\"name\":\"Estructuras asientos\"}]},{\"@type\":\"WebSite\",\"@id\":\"https:\/\/www.limaitaly.com\/en\/#website\",\"url\":\"https:\/\/www.limaitaly.com\/en\/\",\"name\":\"LIMA snc\",\"description\":\"Componenti per sedie da ufficio\",\"potentialAction\":[{\"@type\":\"SearchAction\",\"target\":{\"@type\":\"EntryPoint\",\"urlTemplate\":\"https:\/\/www.limaitaly.com\/en\/?s={search_term_string}\"},\"query-input\":{\"@type\":\"PropertyValueSpecification\",\"valueRequired\":true,\"valueName\":\"search_term_string\"}}],\"inLanguage\":\"es\"}]}<\/script>\n<!-- \/ Yoast SEO plugin. -->","yoast_head_json":{"title":"Estructuras asientos - LIMA snc","robots":{"index":"index","follow":"follow","max-snippet":"max-snippet:-1","max-image-preview":"max-image-preview:large","max-video-preview":"max-video-preview:-1"},"canonical":"https:\/\/www.limaitaly.com\/es\/productos\/estructuras-asientos\/","og_locale":"es_ES","og_type":"article","og_title":"Estructuras asientos - LIMA snc","og_description":"Son el esqueleto de cada asiento, la estructura que determina su silueta y las principales caracter\u00edsticas: las estructuras de las sillas LIMA, de 4 patas o de pat\u00edn, son la fusi\u00f3n perfecta entre personalidad, vanguardia, tecnolog\u00eda y versatilidad. &nbsp; Adem\u00e1s de los modelos est\u00e1ndar, nuestro verdadero punto fuerte reside en la capacidad de desarrollar proyectos ...","og_url":"https:\/\/www.limaitaly.com\/es\/productos\/estructuras-asientos\/","og_site_name":"LIMA snc","article_modified_time":"2024-11-14T08:35:15+00:00","og_image":[{"width":900,"height":900,"url":"https:\/\/www.limaitaly.com\/wp-content\/uploads\/2022\/12\/LIMA_VIS-EVO-4-CR.png","type":"image\/png"}],"twitter_card":"summary_large_image","twitter_misc":{"Tiempo de lectura":"1 minuto"},"schema":{"@context":"https:\/\/schema.org","@graph":[{"@type":"WebPage","@id":"https:\/\/www.limaitaly.com\/es\/productos\/estructuras-asientos\/","url":"https:\/\/www.limaitaly.com\/es\/productos\/estructuras-asientos\/","name":"Estructuras asientos - LIMA snc","isPartOf":{"@id":"https:\/\/www.limaitaly.com\/en\/#website"},"primaryImageOfPage":{"@id":"https:\/\/www.limaitaly.com\/es\/productos\/estructuras-asientos\/#primaryimage"},"image":{"@id":"https:\/\/www.limaitaly.com\/es\/productos\/estructuras-asientos\/#primaryimage"},"thumbnailUrl":"https:\/\/www.limaitaly.com\/wp-content\/uploads\/2022\/12\/LIMA_VIS-EVO-4-CR.png","datePublished":"2019-04-02T08:26:35+00:00","dateModified":"2024-11-14T08:35:15+00:00","breadcrumb":{"@id":"https:\/\/www.limaitaly.com\/es\/productos\/estructuras-asientos\/#breadcrumb"},"inLanguage":"es","potentialAction":[{"@type":"ReadAction","target":["https:\/\/www.limaitaly.com\/es\/productos\/estructuras-asientos\/"]}]},{"@type":"ImageObject","inLanguage":"es","@id":"https:\/\/www.limaitaly.com\/es\/productos\/estructuras-asientos\/#primaryimage","url":"https:\/\/www.limaitaly.com\/wp-content\/uploads\/2022\/12\/LIMA_VIS-EVO-4-CR.png","contentUrl":"https:\/\/www.limaitaly.com\/wp-content\/uploads\/2022\/12\/LIMA_VIS-EVO-4-CR.png","width":900,"height":900},{"@type":"BreadcrumbList","@id":"https:\/\/www.limaitaly.com\/es\/productos\/estructuras-asientos\/#breadcrumb","itemListElement":[{"@type":"ListItem","position":1,"name":"Home","item":"https:\/\/www.limaitaly.com\/es\/"},{"@type":"ListItem","position":2,"name":"Productos","item":"https:\/\/www.limaitaly.com\/es\/productos\/"},{"@type":"ListItem","position":3,"name":"Estructuras asientos"}]},{"@type":"WebSite","@id":"https:\/\/www.limaitaly.com\/en\/#website","url":"https:\/\/www.limaitaly.com\/en\/","name":"LIMA snc","description":"Componenti per sedie da ufficio","potentialAction":[{"@type":"SearchAction","target":{"@type":"EntryPoint","urlTemplate":"https:\/\/www.limaitaly.com\/en\/?s={search_term_string}"},"query-input":{"@type":"PropertyValueSpecification","valueRequired":true,"valueName":"search_term_string"}}],"inLanguage":"es"}]}},"_links":{"self":[{"href":"https:\/\/www.limaitaly.com\/es\/wp-json\/wp\/v2\/pages\/4109"}],"collection":[{"href":"https:\/\/www.limaitaly.com\/es\/wp-json\/wp\/v2\/pages"}],"about":[{"href":"https:\/\/www.limaitaly.com\/es\/wp-json\/wp\/v2\/types\/page"}],"author":[{"embeddable":true,"href":"https:\/\/www.limaitaly.com\/es\/wp-json\/wp\/v2\/users\/1"}],"replies":[{"embeddable":true,"href":"https:\/\/www.limaitaly.com\/es\/wp-json\/wp\/v2\/comments?post=4109"}],"version-history":[{"count":4,"href":"https:\/\/www.limaitaly.com\/es\/wp-json\/wp\/v2\/pages\/4109\/revisions"}],"predecessor-version":[{"id":4379,"href":"https:\/\/www.limaitaly.com\/es\/wp-json\/wp\/v2\/pages\/4109\/revisions\/4379"}],"up":[{"embeddable":true,"href":"https:\/\/www.limaitaly.com\/es\/wp-json\/wp\/v2\/pages\/4106"}],"wp:featuredmedia":[{"embeddable":true,"href":"https:\/\/www.limaitaly.com\/es\/wp-json\/wp\/v2\/media\/4086"}],"wp:attachment":[{"href":"https:\/\/www.limaitaly.com\/es\/wp-json\/wp\/v2\/media?parent=4109"}],"curies":[{"name":"wp","href":"https:\/\/api.w.org\/{rel}","templated":true}]}}